{"id":1164,"date":"2022-08-30T15:42:16","date_gmt":"2022-08-30T20:42:16","guid":{"rendered":"https:\/\/loftsbycasanoname.com\/?page_id=1164"},"modified":"2022-09-01T11:45:20","modified_gmt":"2022-09-01T16:45:20","slug":"policies","status":"publish","type":"page","link":"https:\/\/loftsbycasanoname.com\/es\/policies\/","title":{"rendered":"Policies"},"content":{"rendered":"<div data-elementor-type=\"wp-page\" data-elementor-id=\"1164\" class=\"elementor elementor-1164\">\n\t\t\t\t\t\t<section class=\"elementor-section elementor-top-section elementor-element elementor-element-a231c3e elementor-hidden-desktop elementor-section-boxed elementor-section-height-default elementor-section-height-default parallax_section_no qode_elementor_container_no\" data-id=\"a231c3e\" data-element_type=\"section\" data-settings=\"{&quot;background_background&quot;:&quot;classic&quot;}\">\n\t\t\t\t\t\t<div class=\"elementor-container elementor-column-gap-default\">\n\t\t\t\t\t<div class=\"elementor-column elementor-col-25 elementor-top-column elementor-element elementor-element-17dfe67\" data-id=\"17dfe67\" data-element_type=\"column\">\n\t\t\t<div class=\"elementor-widget-wrap elementor-element-populated\">\n\t\t\t\t\t\t<div class=\"elementor-element elementor-element-29f71b3 elementor-nav-menu--stretch elementor-nav-menu--dropdown-tablet elementor-nav-menu__text-align-aside elementor-nav-menu--toggle elementor-nav-menu--burger elementor-widget elementor-widget-nav-menu\" data-id=\"29f71b3\" data-element_type=\"widget\" data-settings=\"{&quot;full_width&quot;:&quot;stretch&quot;,&quot;layout&quot;:&quot;horizontal&quot;,&quot;submenu_icon&quot;:{&quot;value&quot;:&quot;&lt;i class=\\&quot;fas fa-caret-down\\&quot;&gt;&lt;\\\/i&gt;&quot;,&quot;library&quot;:&quot;fa-solid&quot;},&quot;toggle&quot;:&quot;burger&quot;}\" data-widget_type=\"nav-menu.default\">\n\t\t\t\t<div class=\"elementor-widget-container\">\n\t\t\t<link rel=\"stylesheet\" href=\"https:\/\/loftsbycasanoname.com\/wp-content\/plugins\/elementor-pro\/assets\/css\/widget-nav-menu.min.css\">\t\t\t<nav migration_allowed=\"1\" migrated=\"0\" class=\"elementor-nav-menu--main elementor-nav-menu__container elementor-nav-menu--layout-horizontal e--pointer-underline e--animation-fade\">\n\t\t\t\t<ul id=\"menu-1-29f71b3\" class=\"elementor-nav-menu\"><li class=\"menu-item menu-item-type-post_type menu-item-object-page menu-item-home menu-item-866\"><a href=\"https:\/\/loftsbycasanoname.com\/es\/\" class=\"elementor-item\">INICIO<\/a><\/li>\n<li class=\"menu-item menu-item-type-post_type menu-item-object-page menu-item-39\"><a href=\"https:\/\/loftsbycasanoname.com\/es\/lofts\/\" class=\"elementor-item\">LOFTS<\/a><\/li>\n<li class=\"menu-item menu-item-type-post_type menu-item-object-page menu-item-38\"><a href=\"https:\/\/loftsbycasanoname.com\/es\/the-space\/\" class=\"elementor-item\">EL ESPACIO<\/a><\/li>\n<li class=\"menu-item menu-item-type-post_type menu-item-object-page menu-item-458\"><a href=\"https:\/\/loftsbycasanoname.com\/es\/rooftop\/\" class=\"elementor-item\">TERRAZA<\/a><\/li>\n<li class=\"menu-item menu-item-type-post_type menu-item-object-page menu-item-36\"><a href=\"https:\/\/loftsbycasanoname.com\/es\/author-gallery\/\" class=\"elementor-item\">GALER\u00cdA DEL AUTOR<\/a><\/li>\n<li class=\"menu-item menu-item-type-post_type menu-item-object-page menu-item-37\"><a href=\"https:\/\/loftsbycasanoname.com\/es\/contact-us\/\" class=\"elementor-item\">CONT\u00c1CTENOS<\/a><\/li>\n<\/ul>\t\t\t<\/nav>\n\t\t\t\t\t<div class=\"elementor-menu-toggle\" role=\"button\" tabindex=\"0\" aria-label=\"Menu Toggle\" aria-expanded=\"false\">\n\t\t\t<i aria-hidden=\"true\" role=\"presentation\" class=\"elementor-menu-toggle__icon--open eicon-menu-bar\"><\/i><i aria-hidden=\"true\" role=\"presentation\" class=\"elementor-menu-toggle__icon--close eicon-close\"><\/i>\t\t\t<span class=\"elementor-screen-only\">Menu<\/span>\n\t\t<\/div>\n\t\t\t\t\t<nav class=\"elementor-nav-menu--dropdown elementor-nav-menu__container\" aria-hidden=\"true\">\n\t\t\t\t<ul id=\"menu-2-29f71b3\" class=\"elementor-nav-menu\"><li class=\"menu-item menu-item-type-post_type menu-item-object-page menu-item-home menu-item-866\"><a href=\"https:\/\/loftsbycasanoname.com\/es\/\" class=\"elementor-item\" tabindex=\"-1\">INICIO<\/a><\/li>\n<li class=\"menu-item menu-item-type-post_type menu-item-object-page menu-item-39\"><a href=\"https:\/\/loftsbycasanoname.com\/es\/lofts\/\" class=\"elementor-item\" tabindex=\"-1\">LOFTS<\/a><\/li>\n<li class=\"menu-item menu-item-type-post_type menu-item-object-page menu-item-38\"><a href=\"https:\/\/loftsbycasanoname.com\/es\/the-space\/\" class=\"elementor-item\" tabindex=\"-1\">EL ESPACIO<\/a><\/li>\n<li class=\"menu-item menu-item-type-post_type menu-item-object-page menu-item-458\"><a href=\"https:\/\/loftsbycasanoname.com\/es\/rooftop\/\" class=\"elementor-item\" tabindex=\"-1\">TERRAZA<\/a><\/li>\n<li class=\"menu-item menu-item-type-post_type menu-item-object-page menu-item-36\"><a href=\"https:\/\/loftsbycasanoname.com\/es\/author-gallery\/\" class=\"elementor-item\" tabindex=\"-1\">GALER\u00cdA DEL AUTOR<\/a><\/li>\n<li class=\"menu-item menu-item-type-post_type menu-item-object-page menu-item-37\"><a href=\"https:\/\/loftsbycasanoname.com\/es\/contact-us\/\" class=\"elementor-item\" tabindex=\"-1\">CONT\u00c1CTENOS<\/a><\/li>\n<\/ul>\t\t\t<\/nav>\n\t\t\t\t<\/div>\n\t\t\t\t<\/div>\n\t\t\t\t\t<\/div>\n\t\t<\/div>\n\t\t\t\t<div class=\"elementor-column elementor-col-50 elementor-top-column elementor-element elementor-element-ea5f25a\" data-id=\"ea5f25a\" data-element_type=\"column\">\n\t\t\t<div class=\"elementor-widget-wrap elementor-element-populated\">\n\t\t\t\t\t\t<div class=\"elementor-element elementor-element-3e2b87f elementor-widget elementor-widget-image\" data-id=\"3e2b87f\" data-element_type=\"widget\" data-widget_type=\"image.default\">\n\t\t\t\t<div class=\"elementor-widget-container\">\n\t\t\t<style>\/*! elementor - v3.23.0 - 05-08-2024 *\/\n.elementor-widget-image{text-align:center}.elementor-widget-image a{display:inline-block}.elementor-widget-image a img[src$=\".svg\"]{width:48px}.elementor-widget-image img{vertical-align:middle;display:inline-block}<\/style>\t\t\t\t\t\t\t\t\t\t<img width=\"100\" height=\"100\" src=\"https:\/\/loftsbycasanoname.com\/wp-content\/uploads\/2022\/08\/Logo-Lofts-Casa-No-Name.svg\" class=\"attachment-full size-full wp-image-1206\" alt=\"\" \/>\t\t\t\t\t\t\t\t\t\t\t\t\t<\/div>\n\t\t\t\t<\/div>\n\t\t\t\t\t<\/div>\n\t\t<\/div>\n\t\t\t\t<div class=\"elementor-column elementor-col-25 elementor-top-column elementor-element elementor-element-e1003e6\" data-id=\"e1003e6\" data-element_type=\"column\">\n\t\t\t<div class=\"elementor-widget-wrap elementor-element-populated\">\n\t\t\t\t\t\t<div class=\"elementor-element elementor-element-ebc8b06 elementor-nav-menu--dropdown-none elementor-widget elementor-widget-nav-menu\" data-id=\"ebc8b06\" data-element_type=\"widget\" data-settings=\"{&quot;layout&quot;:&quot;horizontal&quot;,&quot;submenu_icon&quot;:{&quot;value&quot;:&quot;&lt;i class=\\&quot;fas fa-caret-down\\&quot;&gt;&lt;\\\/i&gt;&quot;,&quot;library&quot;:&quot;fa-solid&quot;}}\" data-widget_type=\"nav-menu.default\">\n\t\t\t\t<div class=\"elementor-widget-container\">\n\t\t\t\t\t\t<nav migration_allowed=\"1\" migrated=\"0\" class=\"elementor-nav-menu--main elementor-nav-menu__container elementor-nav-menu--layout-horizontal e--pointer-none\">\n\t\t\t\t<ul id=\"menu-1-ebc8b06\" class=\"elementor-nav-menu\"><li class=\"trp-language-switcher-container menu-item menu-item-type-post_type menu-item-object-language_switcher menu-item-has-children current-language-menu-item menu-item-451\"><a href=\"https:\/\/loftsbycasanoname.com\/es\/wp-json\/wp\/v2\/pages\/1164\" class=\"elementor-item\"><span data-no-translation><span class=\"trp-ls-language-name\">ES<\/span><\/span><\/a>\n<ul class=\"sub-menu elementor-nav-menu--dropdown\">\n\t<li class=\"trp-language-switcher-container menu-item menu-item-type-post_type menu-item-object-language_switcher menu-item-450\"><a href=\"https:\/\/loftsbycasanoname.com\/wp-json\/wp\/v2\/pages\/1164\/\" class=\"elementor-sub-item elementor-item-anchor\"><span data-no-translation><span class=\"trp-ls-language-name\">EN<\/span><\/span><\/a><\/li>\n<\/ul>\n<\/li>\n<\/ul>\t\t\t<\/nav>\n\t\t\t\t\t\t<nav class=\"elementor-nav-menu--dropdown elementor-nav-menu__container\" aria-hidden=\"true\">\n\t\t\t\t<ul id=\"menu-2-ebc8b06\" class=\"elementor-nav-menu\"><li class=\"trp-language-switcher-container menu-item menu-item-type-post_type menu-item-object-language_switcher menu-item-has-children current-language-menu-item menu-item-451\"><a href=\"https:\/\/loftsbycasanoname.com\/es\/wp-json\/wp\/v2\/pages\/1164\" class=\"elementor-item\" tabindex=\"-1\"><span data-no-translation><span class=\"trp-ls-language-name\">ES<\/span><\/span><\/a>\n<ul class=\"sub-menu elementor-nav-menu--dropdown\">\n\t<li class=\"trp-language-switcher-container menu-item menu-item-type-post_type menu-item-object-language_switcher menu-item-450\"><a href=\"https:\/\/loftsbycasanoname.com\/wp-json\/wp\/v2\/pages\/1164\/\" class=\"elementor-sub-item elementor-item-anchor\" tabindex=\"-1\"><span data-no-translation><span class=\"trp-ls-language-name\">EN<\/span><\/span><\/a><\/li>\n<\/ul>\n<\/li>\n<\/ul>\t\t\t<\/nav>\n\t\t\t\t<\/div>\n\t\t\t\t<\/div>\n\t\t\t\t\t<\/div>\n\t\t<\/div>\n\t\t\t\t\t<\/div>\n\t\t<\/section>\n\t\t\t\t<section class=\"elementor-section elementor-top-section elementor-element elementor-element-648b785 elementor-section-boxed elementor-section-height-default elementor-section-height-default parallax_section_no qode_elementor_container_no\" data-id=\"648b785\" data-element_type=\"section\" data-settings=\"{&quot;background_background&quot;:&quot;classic&quot;}\">\n\t\t\t\t\t\t<div class=\"elementor-container elementor-column-gap-no\">\n\t\t\t\t\t<div class=\"elementor-column elementor-col-100 elementor-top-column elementor-element elementor-element-daece54\" data-id=\"daece54\" data-element_type=\"column\">\n\t\t\t<div class=\"elementor-widget-wrap elementor-element-populated\">\n\t\t\t\t\t\t<div class=\"elementor-element elementor-element-7a268a6 elementor-widget elementor-widget-heading\" data-id=\"7a268a6\" data-element_type=\"widget\" data-widget_type=\"heading.default\">\n\t\t\t\t<div class=\"elementor-widget-container\">\n\t\t\t<style>\/*! elementor - v3.23.0 - 05-08-2024 *\/\n.elementor-heading-title{padding:0;margin:0;line-height:1}.elementor-widget-heading .elementor-heading-title[class*=elementor-size-]>a{color:inherit;font-size:inherit;line-height:inherit}.elementor-widget-heading .elementor-heading-title.elementor-size-small{font-size:15px}.elementor-widget-heading .elementor-heading-title.elementor-size-medium{font-size:19px}.elementor-widget-heading .elementor-heading-title.elementor-size-large{font-size:29px}.elementor-widget-heading .elementor-heading-title.elementor-size-xl{font-size:39px}.elementor-widget-heading .elementor-heading-title.elementor-size-xxl{font-size:59px}<\/style><h2 class=\"elementor-heading-title elementor-size-default\">T\u00e9rminos y Condiciones<\/h2>\t\t<\/div>\n\t\t\t\t<\/div>\n\t\t\t\t<section class=\"elementor-section elementor-inner-section elementor-element elementor-element-6373df8 elementor-section-boxed elementor-section-height-default elementor-section-height-default parallax_section_no qode_elementor_container_no\" data-id=\"6373df8\" data-element_type=\"section\">\n\t\t\t\t\t\t<div class=\"elementor-container elementor-column-gap-default\">\n\t\t\t\t\t<div class=\"elementor-column elementor-col-100 elementor-inner-column elementor-element elementor-element-854bd51\" data-id=\"854bd51\" data-element_type=\"column\">\n\t\t\t<div class=\"elementor-widget-wrap elementor-element-populated\">\n\t\t\t\t\t\t<div class=\"elementor-element elementor-element-497a554 elementor-widget elementor-widget-text-editor\" data-id=\"497a554\" data-element_type=\"widget\" data-widget_type=\"text-editor.default\">\n\t\t\t\t<div class=\"elementor-widget-container\">\n\t\t\t<style>\/*! elementor - v3.23.0 - 05-08-2024 *\/\n.elementor-widget-text-editor.elementor-drop-cap-view-stacked .elementor-drop-cap{background-color:#69727d;color:#fff}.elementor-widget-text-editor.elementor-drop-cap-view-framed .elementor-drop-cap{color:#69727d;border:3px solid;background-color:transparent}.elementor-widget-text-editor:not(.elementor-drop-cap-view-default) .elementor-drop-cap{margin-top:8px}.elementor-widget-text-editor:not(.elementor-drop-cap-view-default) .elementor-drop-cap-letter{width:1em;height:1em}.elementor-widget-text-editor .elementor-drop-cap{float:left;text-align:center;line-height:1;font-size:50px}.elementor-widget-text-editor .elementor-drop-cap-letter{display:inline-block}<\/style>\t\t\t\t<p><strong>IMPUESTOS<\/strong><\/p><p>I.V.A. 16% (solo alojamiento)<\/p><p>I.S.H. 4% (solo habitaci\u00f3n)<\/p><p>\u00a0<\/p><p><strong>TARJETAS DE CR\u00c9DITO<\/strong><\/p><ul><li>American Express<\/li><li>MasterCard<\/li><li>Visa<\/li><li>Tarjeta de d\u00e9bito Visa<\/li><\/ul><p>\u00a0<\/p><p><strong>POL\u00cdTICAS<\/strong><\/p><ul><li>La edad m\u00ednima para rentar un Loft es 21 a\u00f1os.<\/li><li>Los Lofts est\u00e1n decorados con objetos de dise\u00f1o y de arte valiosos. El hu\u00e9sped es responsable por los faltantes o da\u00f1os en la propiedad. Un deposito en garant\u00eda de $500 usd mismo que ser\u00e1 cargado al momento del check in y reembolsado en un m\u00e1ximo de 7 d\u00edas despu\u00e9s de su checkout en caso de no que ning\u00fan da\u00f1o o faltante sea registrado en el Loft.<\/li><li>Para confirmar su reservaci\u00f3n en nuestra p\u00e1gina web o v\u00eda telef\u00f3nica se requerir\u00e1 el pago del 50% del total de la estancia que ser\u00e1 cargado al menos 30 d\u00edas antes de su llegada a una tarjeta de cr\u00e9dito o por transferencia bancaria.<\/li><li>Las reservaciones pueden ser canceladas o modificadas 15 d\u00edas antes del d\u00eda de su llegada sin cargo. En caso de cancelar despu\u00e9s de este plazo se cobrar\u00e1 el monto del anticipo, siendo posible reagendar una nueva fecha sugeta a disponibilidad. En caso de no presentarse el d\u00eda de su llegada, se cobrar\u00e1 el total de la estancia con impuestos. (THE OTAs WILL BE COLLECTING 100% AT THE TIME OF RESERVATION. THEY FORFIET 100% IF THEY CANCEL LESS THAN 15 DAYS PRIOR TO CHECK-IN)<\/li><li>Los impuestos aplicables a nuestras tarifas son el 16% de IVA y 4% de hospedaje, mismos que no est\u00e1n incluidos en las tarifas.<\/li><li>Nuestras tarifas son en d\u00f3lares americanos  y manejamos un tipo de cambio oficial del d\u00eda (<a href=\"http:\/\/www.sat.gob.mx\">sat.gob.mx<\/a>)<\/li><li>El horario de Check-In es a las 3:00 pm. Le agradecemos hacernos saber v\u00eda e-mail o telef\u00f3nica su hora estimada de llegada.<\/li><li>El horario de Check-Out es a las 12:00 pm. Una extensi\u00f3n de check-out hasta la 1:00 pm se puede solicitar sujeta a disponibilidad. Se puede resguardar el equipaje en caso de que su salida sea posterior a esta hora.<\/li><li>No se admiten personas menores de 12 a\u00f1os.<\/li><li>No se admiten mascotas.<\/li><li>No se permite fumar en las habitaciones. Fumar esta permitido en las \u00e1reas comunes exteriores y skybar<\/li><li>El uso del \u00e1rea de Jacuzzi deber\u00e1 ser reservada con 24 hrs de anticipaci\u00f3n y deber\u00e1 ser dentro del horario de Lunes a Viernes 9:00 am a 8:00 pm y S\u00e1bado y Domingo de 11:00 am a 6:00 pm<\/li><li>Los hu\u00e9spedes reconocen que los Lofts by Casa No Name no son responsables por accidentes que ocurran en las instalaciones.<\/li><li>El hu\u00e9sped reconoce que en Lofts by Casa No Name no nos hacemos responsables de cualquier accidente a hu\u00e9spedes o invitados dentro de las instalaciones de los mismos.<\/li><li>Al momento de reservar usted confirma que conoce y acepta nuestras pol\u00edticas.<\/li><\/ul><p>\u00a0<\/p><p><strong>POL\u00cdTICA DE PAGO<\/strong><\/p><p>Para confirmar su reservaci\u00f3n en nuestra p\u00e1gina web o v\u00eda telef\u00f3nica se requerir\u00e1 el pago del 50% del total de la estancia que ser\u00e1 cargado al menos 30 d\u00edas antes de su llegada a una tarjeta de cr\u00e9dito o por transferencia bancaria.\nLos impuestos aplicables son el 16% de IVA y el 4% de Hospedaje no incluidos en el costo de la tarifa.<\/p><p>Los impuestos aplicables incluyen IVA 16% y impuesto hotelero 4%.<\/p><p><strong>\u00a0<\/strong><\/p><p><strong>POL\u00cdTICA DE CANCELACI\u00d3N<\/strong><\/p><p>Las reservaciones pueden ser canceladas o modificadas 15 d\u00edas antes del d\u00eda de su llegada sin cargo. En caso de cancelar despu\u00e9s de este plazo se cobrar\u00e1 el monto del anticipo, siendo posible reagendar una nueva fecha sujeta a disponibilidad. En caso de no presentarse el d\u00eda de su llegada, se cobrar\u00e1 el total de la estancia con impuestos.<\/p><p><strong>\u00a0<\/strong><\/p><p><strong>UBICACI\u00d3N<\/strong><\/p><p>Lofts by Casa No Name est\u00e1 ubicado en Quebrada 53, Colonia Centro, San Miguel de Allende, Gto.<\/p><ul><li>A tres cuadras del centro de la ciudad - la iglesia &quot;Jardin&quot; y &quot;Parroquia&quot;<\/li><li>A una cuadra del hotel Casa No Name.<\/li><\/ul>\t\t\t\t\t\t<\/div>\n\t\t\t\t<\/div>\n\t\t\t\t\t<\/div>\n\t\t<\/div>\n\t\t\t\t\t<\/div>\n\t\t<\/section>\n\t\t\t\t\t<\/div>\n\t\t<\/div>\n\t\t\t\t\t<\/div>\n\t\t<\/section>\n\t\t\t\t<\/div>","protected":false},"excerpt":{"rendered":"<p>Terms and Conditions TAXES I.V.A. 16% (room only) I.S.H. 4% (room only) \u00a0 CREDIT CARDS American Express Mastercard Visa Visa Debit \u00a0 POLICIES Minimum age to rent is 21 years. The Lofts are furnished with valuable artwork and other objects. Guests are responsible for missing&#8230;<\/p>","protected":false},"author":1,"featured_media":0,"parent":0,"menu_order":0,"comment_status":"closed","ping_status":"closed","template":"full_width.php","meta":{"inline_featured_image":false},"_links":{"self":[{"href":"https:\/\/loftsbycasanoname.com\/es\/wp-json\/wp\/v2\/pages\/1164"}],"collection":[{"href":"https:\/\/loftsbycasanoname.com\/es\/wp-json\/wp\/v2\/pages"}],"about":[{"href":"https:\/\/loftsbycasanoname.com\/es\/wp-json\/wp\/v2\/types\/page"}],"author":[{"embeddable":true,"href":"https:\/\/loftsbycasanoname.com\/es\/wp-json\/wp\/v2\/users\/1"}],"replies":[{"embeddable":true,"href":"https:\/\/loftsbycasanoname.com\/es\/wp-json\/wp\/v2\/comments?post=1164"}],"version-history":[{"count":5,"href":"https:\/\/loftsbycasanoname.com\/es\/wp-json\/wp\/v2\/pages\/1164\/revisions"}],"predecessor-version":[{"id":1242,"href":"https:\/\/loftsbycasanoname.com\/es\/wp-json\/wp\/v2\/pages\/1164\/revisions\/1242"}],"wp:attachment":[{"href":"https:\/\/loftsbycasanoname.com\/es\/wp-json\/wp\/v2\/media?parent=1164"}],"curies":[{"name":"wp","href":"https:\/\/api.w.org\/{rel}","templated":true}]}}